{"id":18612,"date":"2021-11-15T13:58:34","date_gmt":"2021-11-15T13:58:34","guid":{"rendered":"http:\/\/test.ale.al\/?page_id=18612"},"modified":"2021-11-21T17:56:27","modified_gmt":"2021-11-21T17:56:27","slug":"business-services","status":"publish","type":"page","link":"https:\/\/ale.al\/sq\/business-services\/","title":{"rendered":"Sh\u00ebrbimet e Biznesit"},"content":{"rendered":"<div data-elementor-type=\"wp-page\" data-elementor-id=\"18612\" class=\"elementor elementor-18612\">\n\t\t\t\t\t\t<section class=\"elementor-section elementor-top-section elementor-element elementor-element-d4564aa elementor-section-boxed elementor-section-height-default elementor-section-height-default\" data-id=\"d4564aa\" data-element_type=\"section\" data-settings=\"{&quot;background_background&quot;:&quot;classic&quot;}\">\n\t\t\t\t\t\t\t<div class=\"elementor-background-overlay\"><\/div>\n\t\t\t\t\t\t\t<div class=\"elementor-container elementor-column-gap-default\">\n\t\t\t\t\t<div class=\"elementor-column elementor-col-100 elementor-top-column elementor-element elementor-element-fd8a776\" data-id=\"fd8a776\" data-element_type=\"column\" data-settings=\"{&quot;background_background&quot;:&quot;classic&quot;}\">\n\t\t\t<div class=\"elementor-widget-wrap elementor-element-populated\">\n\t\t\t\t\t\t<section class=\"elementor-section elementor-inner-section elementor-element elementor-element-cde3146 elementor-section-boxed elementor-section-height-default elementor-section-height-default\" data-id=\"cde3146\" data-element_type=\"section\">\n\t\t\t\t\t\t<div class=\"elementor-container elementor-column-gap-default\">\n\t\t\t\t\t<div class=\"elementor-column elementor-col-100 elementor-inner-column elementor-element elementor-element-7ee732f\" data-id=\"7ee732f\" data-element_type=\"column\">\n\t\t\t<div class=\"elementor-widget-wrap elementor-element-populated\">\n\t\t\t\t\t\t<div class=\"elementor-element elementor-element-d14ea23 elementor-invisible elementor-widget elementor-widget-heading\" data-id=\"d14ea23\" data-element_type=\"widget\" data-settings=\"{&quot;_animation&quot;:&quot;fadeIn&quot;}\" data-widget_type=\"heading.default\">\n\t\t\t\t<div class=\"elementor-widget-container\">\n\t\t\t\t\t<h2 class=\"elementor-heading-title elementor-size-default\">Sh\u00ebrbimet e Biznesit<\/h2>\t\t\t\t<\/div>\n\t\t\t\t<\/div>\n\t\t\t\t<div class=\"elementor-element elementor-element-6ed411b elementor-widget-divider--view-line elementor-widget elementor-widget-divider\" data-id=\"6ed411b\" data-element_type=\"widget\" data-widget_type=\"divider.default\">\n\t\t\t\t<div class=\"elementor-widget-container\">\n\t\t\t\t\t\t\t<div class=\"elementor-divider\">\n\t\t\t<span class=\"elementor-divider-separator\">\n\t\t\t\t\t\t<\/span>\n\t\t<\/div>\n\t\t\t\t\t\t<\/div>\n\t\t\t\t<\/div>\n\t\t\t\t<div class=\"elementor-element elementor-element-554103e elementor-invisible elementor-widget elementor-widget-text-editor\" data-id=\"554103e\" data-element_type=\"widget\" data-settings=\"{&quot;_animation&quot;:&quot;fadeIn&quot;,&quot;_animation_delay&quot;:200}\" data-widget_type=\"text-editor.default\">\n\t\t\t\t<div class=\"elementor-widget-container\">\n\t\t\t\t\t\t\t\t\t<p>Ne ofrojm\u00eb nj\u00eb gam\u00eb t\u00eb gjer\u00eb sh\u00ebrbimesh profesionale q\u00eb mbulojn\u00eb auditimin dhe sigurin\u00eb, sh\u00ebrbimet tatimore, ligjore, k\u00ebshillimore, menaxhimin e pronave\/objekteve, shitjet dhe dh\u00ebnien me qira t\u00eb pronave, menaxhimin e aseteve etj.<\/p>\t\t\t\t\t\t\t\t<\/div>\n\t\t\t\t<\/div>\n\t\t\t\t<div class=\"elementor-element elementor-element-9f31f6b elementor-widget elementor-widget-spacer\" data-id=\"9f31f6b\" data-element_type=\"widget\" data-widget_type=\"spacer.default\">\n\t\t\t\t<div class=\"elementor-widget-container\">\n\t\t\t\t\t\t\t<div class=\"elementor-spacer\">\n\t\t\t<div class=\"elementor-spacer-inner\"><\/div>\n\t\t<\/div>\n\t\t\t\t\t\t<\/div>\n\t\t\t\t<\/div>\n\t\t\t\t\t<\/div>\n\t\t<\/div>\n\t\t\t\t\t<\/div>\n\t\t<\/section>\n\t\t\t\t\t<\/div>\n\t\t<\/div>\n\t\t\t\t\t<\/div>\n\t\t<\/section>\n\t\t\t\t<section class=\"elementor-section elementor-top-section elementor-element elementor-element-9cc5991 elementor-section-boxed elementor-section-height-default elementor-section-height-default\" data-id=\"9cc5991\" data-element_type=\"section\">\n\t\t\t\t\t\t<div class=\"elementor-container elementor-column-gap-default\">\n\t\t\t\t\t<div class=\"elementor-column elementor-col-100 elementor-top-column elementor-element elementor-element-cda65c9\" data-id=\"cda65c9\" data-element_type=\"column\">\n\t\t\t<div class=\"elementor-widget-wrap elementor-element-populated\">\n\t\t\t\t\t\t<div class=\"elementor-element elementor-element-b9e6791 elementor-widget elementor-widget-heading\" data-id=\"b9e6791\" data-element_type=\"widget\" data-widget_type=\"heading.default\">\n\t\t\t\t<div class=\"elementor-widget-container\">\n\t\t\t\t\t<h2 class=\"elementor-heading-title elementor-size-default\">\u00c7far\u00eb sh\u00ebrbimesh biznesi ofrojm\u00eb?<\/h2>\t\t\t\t<\/div>\n\t\t\t\t<\/div>\n\t\t\t\t<div class=\"elementor-element elementor-element-db751d1 elementor-widget elementor-widget-eael-adv-accordion\" data-id=\"db751d1\" data-element_type=\"widget\" data-widget_type=\"eael-adv-accordion.default\">\n\t\t\t\t<div class=\"elementor-widget-container\">\n\t\t\t\t\t        <div class=\"eael-adv-accordion\" id=\"eael-adv-accordion-db751d1\" data-scroll-on-click=\"no\" data-scroll-speed=\"300\" data-accordion-id=\"db751d1\" data-accordion-type=\"accordion\" data-toogle-speed=\"300\">\n    <div class=\"eael-accordion-list\">\n                <div id=\"accounting\" class=\"elementor-tab-title eael-accordion-header\" tabindex=\"0\" data-tab=\"1\" aria-controls=\"elementor-tab-content-2301\"><span class=\"eael-advanced-accordion-icon-closed\"><i aria-hidden=\"true\" class=\"fa-accordion-icon fas fa-plus\"><\/i><\/span><span class=\"eael-advanced-accordion-icon-opened\"><i aria-hidden=\"true\" class=\"fa-accordion-icon fas fa-minus\"><\/i><\/span><span class=\"eael-accordion-tab-title\">Kontabilitet<\/span><i aria-hidden=\"true\" class=\"fa-toggle fas fa-angle-right\"><\/i><\/div><div id=\"elementor-tab-content-2301\" class=\"eael-accordion-content clearfix\" data-tab=\"1\" aria-labelledby=\"accounting\"><p class=\"translation-block\">\u2022 Kontabiliteti nd\u00ebrkomb\u00ebtar, financiar dhe i list\u00ebs s\u00eb pagave<br>\u2022 Llogarit\u00eb ligjore<br>\u2022 P\u00ebrgatitja e pasqyrave financiare t\u00eb konsoliduara<br>\u2022 Pasqyrat financiare t\u00eb nd\u00ebrmjetme<br>\u2022 Zhvillimi, zbatimi dhe interpretimi i sistemeve t\u00eb raportimit mujor\/tremujor<br>\u2022 P\u00ebrpunim i transaksioneve t\u00eb pagesave<br>\u2022 Sh\u00ebrbime administrative p\u00ebr filialet e shoq\u00ebrive m\u00ebm\u00eb t\u00eb huaja<\/p><p><br \/><strong>Konsulenc\u00eb<\/strong><br \/>\u2022 Konsulenc\u00eb mbi \u201cstart-ups\u201d<br \/>\u2022 Zbatimi i kontabilitetit t\u00eb kostos<br \/>\u2022 Trajnim i stafit t\u00eb klientit p\u00ebr mbajtjen e librave.<br \/>\u2022 P\u00ebrmir\u00ebsimi i sistemeve t\u00eb kontrollit t\u00eb brendsh\u00ebm<br \/>\u2022 Buxhetimi<\/p><\/div>\n                <\/div><div class=\"eael-accordion-list\">\n                <div id=\"auditing\" class=\"elementor-tab-title eael-accordion-header\" tabindex=\"0\" data-tab=\"2\" aria-controls=\"elementor-tab-content-2302\"><span class=\"eael-advanced-accordion-icon-closed\"><i aria-hidden=\"true\" class=\"fa-accordion-icon fas fa-plus\"><\/i><\/span><span class=\"eael-advanced-accordion-icon-opened\"><i aria-hidden=\"true\" class=\"fa-accordion-icon fas fa-minus\"><\/i><\/span><span class=\"eael-accordion-tab-title\">Auditim<\/span><i aria-hidden=\"true\" class=\"fa-toggle fas fa-angle-right\"><\/i><\/div><div id=\"elementor-tab-content-2302\" class=\"eael-accordion-content clearfix\" data-tab=\"2\" aria-labelledby=\"auditing\"><p>\u2022 Auditime vullnetare dhe statutore t\u00eb pasqyrave financiare vjetore dhe t\u00eb konsoliduara n\u00eb p\u00ebrputhje me Standartet Nd\u00ebrkomb\u00ebtare t\u00eb Auditimit<br \/>\u2022 Auditime t\u00eb ve\u00e7anta t\u00eb k\u00ebrkuara nga legjislacioni<br \/>\u2022 Auditime p\u00ebr filialet si mb\u00ebshtetje p\u00ebr grupin e auditorit<br \/>\u2022 Rishikim t\u00eb pasqyrave financiare<br \/>\u2022 Mb\u00ebshtetje p\u00ebr blerjen ose formimin e filialeve ose establishmenteve permanente<br \/>\u2022 Due diligence financiare<br \/>\u2022 Vler\u00ebsim I nd\u00ebrmarrjeve si nj\u00eb e t\u00ebr\u00eb<br \/>\u2022 Zhvillime strategjike<\/p><\/div>\n                <\/div><div class=\"eael-accordion-list\">\n                <div id=\"tax\" class=\"elementor-tab-title eael-accordion-header\" tabindex=\"0\" data-tab=\"3\" aria-controls=\"elementor-tab-content-2303\"><span class=\"eael-advanced-accordion-icon-closed\"><i aria-hidden=\"true\" class=\"fa-accordion-icon fas fa-plus\"><\/i><\/span><span class=\"eael-advanced-accordion-icon-opened\"><i aria-hidden=\"true\" class=\"fa-accordion-icon fas fa-minus\"><\/i><\/span><span class=\"eael-accordion-tab-title\">Taksa<\/span><i aria-hidden=\"true\" class=\"fa-toggle fas fa-angle-right\"><\/i><\/div><div id=\"elementor-tab-content-2303\" class=\"eael-accordion-content clearfix\" data-tab=\"3\" aria-labelledby=\"tax\"><p><strong>Tatimi Direkt<\/strong><br \/>\u2022 Ligji tregtar dhe korporatave<br \/>\u2022 Taksimi i korporatave<br \/>\u2022 Leht\u00ebsim nga taksate dyfishta<br \/>\u2022 Konsult\u00eb mbi blerjen dhe shitjen e kompanive, ndarjen dhe bashkimin e tyre<br \/>\u2022 Due diligence taksash<br \/>\u2022 Taksa e residenc\u00ebs<br \/>\u2022 Programet e residences<br \/>\u2022 Taksa e pun\u00ebs<\/p><p><br \/><strong>Taksimi Indirekt<\/strong><br \/>\u2022 Konsult\u00eb mbi TVSH-n\u00eb lokale dhe nd\u00ebrkufitare<br \/>\u2022 Raportimi mujor, tre mujor dhe vjetor I TVSH-s\u00eb<br \/>\u2022 Rimbursimi I TVSH-s\u00eb p\u00ebr kompanit\u00eb e huaja<\/p><\/div>\n                <\/div><div class=\"eael-accordion-list\">\n                <div id=\"legal-services\" class=\"elementor-tab-title eael-accordion-header\" tabindex=\"0\" data-tab=\"4\" aria-controls=\"elementor-tab-content-2304\"><span class=\"eael-advanced-accordion-icon-closed\"><i aria-hidden=\"true\" class=\"fa-accordion-icon fas fa-plus\"><\/i><\/span><span class=\"eael-advanced-accordion-icon-opened\"><i aria-hidden=\"true\" class=\"fa-accordion-icon fas fa-minus\"><\/i><\/span><span class=\"eael-accordion-tab-title\">Sh\u00ebrbime ligjore<\/span><i aria-hidden=\"true\" class=\"fa-toggle fas fa-angle-right\"><\/i><\/div><div id=\"elementor-tab-content-2304\" class=\"eael-accordion-content clearfix\" data-tab=\"4\" aria-labelledby=\"legal-services\"><p>\u2022 Optimizim i taksave komb\u00ebtare dhe nd\u00ebrkomb\u00ebtare<br \/>\u2022 E drejta private nd\u00ebrkomb\u00ebtare<br \/>\u2022 K\u00ebshilla mbi ofert\u00ebn fillestare publike<br \/>\u2022 Ligji komb\u00ebtar dhe nd\u00ebrkomb\u00ebtar i kontratave<br \/>\u2022 Ligji i konkurrenc\u00ebs<br \/>\u2022 Ristrukturimi i kompanive<br \/>\u2022 Mbrojtja e pasuris\u00eb industriale<br \/>\u2022 \u00c7\u00ebshtje t\u00eb bordit t\u00eb menaxhimit, ekzekutiv dhe mbikqyr\u00ebs<br \/>\u2022 K\u00ebshilla mbi blerjen dhe shitjen e kompanive, bashkimet,<br \/>sip\u00ebrmarrjet e p\u00ebrbashk\u00ebta dhe shitje\/blerje t\u00eb aksioneve<br \/>\u2022 Ligji i pun\u00ebs<\/p><\/div>\n                <\/div><div class=\"eael-accordion-list\">\n                <div id=\"debt-collection\" class=\"elementor-tab-title eael-accordion-header\" tabindex=\"0\" data-tab=\"5\" aria-controls=\"elementor-tab-content-2305\"><span class=\"eael-advanced-accordion-icon-closed\"><i aria-hidden=\"true\" class=\"fa-accordion-icon fas fa-plus\"><\/i><\/span><span class=\"eael-advanced-accordion-icon-opened\"><i aria-hidden=\"true\" class=\"fa-accordion-icon fas fa-minus\"><\/i><\/span><span class=\"eael-accordion-tab-title\">Mbledhje borxhi<\/span><i aria-hidden=\"true\" class=\"fa-toggle fas fa-angle-right\"><\/i><\/div><div id=\"elementor-tab-content-2305\" class=\"eael-accordion-content clearfix\" data-tab=\"5\" aria-labelledby=\"debt-collection\"><p>Megjith\u00ebse mbledhja e borxhit \u00ebsht\u00eb ende nj\u00eb sh\u00ebrbim i ri p\u00ebr tregun ne jemi t\u00eb fokusuar n\u00eb zbatimin e stadarteve dhe metodologjis\u00eb nd\u00ebrkomb\u00ebtare p\u00ebr rritjen e cil\u00ebsis\u00eb s\u00eb sh\u00ebrbimit.<\/p><p>Ne jemi specializuar n\u00eb grumbullimet komerciale dhe k\u00ebrkesat e m\u00ebdha.<\/p><p>P\u00ebrpiqemi t\u00eb zgjidhim detyrimin e biznesit duke u lidhur me njer\u00ebzit q\u00eb kontrollojn\u00eb parat\u00eb p\u00ebr t\u2019u marr\u00eb at\u00eb q\u00eb kan\u00eb borxh!<\/p><p>Ne nuk p\u00ebrdorim \u201cauto-dealers\u201d dor\u00ebshkrime apo forma t\u00eb ndryshme letrash.<\/p><p>P\u00ebrshtasim qasjen ton\u00eb me \u00e7do person q\u00eb marrim n\u00eb telefon.<\/p><p>Llogaritar\u00eb, n\u00ebpun\u00ebs, fermer\u00eb, pronar\u00eb biznesesh, drejtor\u00eb ekzekutiv\u00eb \u2013 cdo nj\u00eb prej k\u00ebtyre k\u00ebrkon nj\u00eb qasje t\u00eb ndryshme.<\/p><p>P\u00ebrpiqemi t\u00eb flasim \u201cgjuh\u00ebn e tyre\u201d dhe negociojm\u00eb n\u00eb p\u00ebrputhje me rrethanat.<\/p><p>P\u00ebrpiqemi t\u2019ju ofrojm\u00eb debitor\u00ebve zgjidhje t\u00eb ndryshme lidhur me borxhin e kontestuar, jasht\u00eb dyerve t\u00eb gjykat\u00ebs, dhe p\u00ebrpiqemi t\u00eb sjellim n\u00eb tryez\u00eb zgjidhjet m\u00eb t\u00eb mira n\u00eb p\u00ebrmbushje t\u00eb k\u00ebrkesave.<\/p><p>N\u00ebse debitori nuk bie dakort me zgjidhjet e propozuara aplikojm\u00eb metoda m\u00eb t\u00eb \u201crrepta\u201d jo gjyq\u00ebsore, informojm\u00eb klientin mbi aft\u00ebsin\u00eb paguese t\u00eb debitorit dhe, n\u00ebse \u00ebsht\u00eb e nevojshme, e prezantojm\u00eb dhe n\u00eb procedurat gjyq\u00ebsore.<\/p><\/div>\n                <\/div><\/div>\t\t\t\t<\/div>\n\t\t\t\t<\/div>\n\t\t\t\t<div class=\"elementor-element elementor-element-e7eb6f9 elementor-widget elementor-widget-spacer\" data-id=\"e7eb6f9\" data-element_type=\"widget\" data-widget_type=\"spacer.default\">\n\t\t\t\t<div class=\"elementor-widget-container\">\n\t\t\t\t\t\t\t<div class=\"elementor-spacer\">\n\t\t\t<div class=\"elementor-spacer-inner\"><\/div>\n\t\t<\/div>\n\t\t\t\t\t\t<\/div>\n\t\t\t\t<\/div>\n\t\t\t\t\t<\/div>\n\t\t<\/div>\n\t\t\t\t\t<\/div>\n\t\t<\/section>\n\t\t\t\t<\/div>","protected":false},"excerpt":{"rendered":"<p>Business Services We provide a wide range of professional services covering audit and assurance, tax, legal, advisory services, property\/facilities management, sales and leasing properties, asset management etc. What business services do we offer? Accounting \u2022 International, financial and payroll accounting\u2022 Statutory accounts\u2022 Preparation of consolidated financial statements\u2022 Interim financial statements\u2022 Development, implementation &amp; interpretation of [&hellip;]<\/p>","protected":false},"author":1,"featured_media":0,"parent":0,"menu_order":0,"comment_status":"closed","ping_status":"closed","template":"template\/template-homepage.php","meta":{"footnotes":""},"class_list":["post-18612","page","type-page","status-publish","hentry"],"yoast_head":"<!-- This site is optimized with the Yoast SEO plugin v26.9 - https:\/\/yoast.com\/product\/yoast-seo-wordpress\/ -->\n<title>Business Services &#8211; ALE Advisers Albania<\/title>\n<meta name=\"robots\" content=\"index, follow, max-snippet:-1, max-image-preview:large, max-video-preview:-1\" \/>\n<link rel=\"canonical\" href=\"https:\/\/ale.al\/sq\/business-services\/\" \/>\n<meta property=\"og:locale\" content=\"sq_AL\" \/>\n<meta property=\"og:type\" content=\"article\" \/>\n<meta property=\"og:title\" content=\"Business Services &#8211; ALE Advisers Albania\" \/>\n<meta property=\"og:description\" content=\"Business Services We provide a wide range of professional services covering audit and assurance, tax, legal, advisory services, property\/facilities management, sales and leasing properties, asset management etc. What business services do we offer? Accounting \u2022 International, financial and payroll accounting\u2022 Statutory accounts\u2022 Preparation of consolidated financial statements\u2022 Interim financial statements\u2022 Development, implementation &amp; interpretation of [&hellip;]\" \/>\n<meta property=\"og:url\" content=\"https:\/\/ale.al\/sq\/business-services\/\" \/>\n<meta property=\"og:site_name\" content=\"ALE Advisers Albania\" \/>\n<meta property=\"article:publisher\" content=\"https:\/\/www.facebook.com\/aleadvisers\/\" \/>\n<meta property=\"article:modified_time\" content=\"2021-11-21T17:56:27+00:00\" \/>\n<meta property=\"og:image\" content=\"https:\/\/ale.al\/wp-content\/uploads\/2021\/11\/favicon.png\" \/>\n\t<meta property=\"og:image:width\" content=\"2000\" \/>\n\t<meta property=\"og:image:height\" content=\"2000\" \/>\n\t<meta property=\"og:image:type\" content=\"image\/png\" \/>\n<meta name=\"twitter:card\" content=\"summary_large_image\" \/>\n<meta name=\"twitter:label1\" content=\"Est. reading time\" \/>\n\t<meta name=\"twitter:data1\" content=\"2 minuta\" \/>\n<script type=\"application\/ld+json\" class=\"yoast-schema-graph\">{\"@context\":\"https:\/\/schema.org\",\"@graph\":[{\"@type\":[\"WebPage\",\"AboutPage\"],\"@id\":\"https:\/\/ale.al\/business-services\/\",\"url\":\"https:\/\/ale.al\/business-services\/\",\"name\":\"Business Services &#8211; ALE Advisers Albania\",\"isPartOf\":{\"@id\":\"https:\/\/ale.al\/sq\/#website\"},\"datePublished\":\"2021-11-15T13:58:34+00:00\",\"dateModified\":\"2021-11-21T17:56:27+00:00\",\"breadcrumb\":{\"@id\":\"https:\/\/ale.al\/business-services\/#breadcrumb\"},\"inLanguage\":\"sq\",\"potentialAction\":[{\"@type\":\"ReadAction\",\"target\":[\"https:\/\/ale.al\/business-services\/\"]}]},{\"@type\":\"BreadcrumbList\",\"@id\":\"https:\/\/ale.al\/business-services\/#breadcrumb\",\"itemListElement\":[{\"@type\":\"ListItem\",\"position\":1,\"name\":\"Home\",\"item\":\"https:\/\/ale.al\/en\/\"},{\"@type\":\"ListItem\",\"position\":2,\"name\":\"Business Services\"}]},{\"@type\":\"WebSite\",\"@id\":\"https:\/\/ale.al\/sq\/#website\",\"url\":\"https:\/\/ale.al\/sq\/\",\"name\":\"ALE Advisers Albania\",\"description\":\"Multi-disciplinary consultancy company\",\"publisher\":{\"@id\":\"https:\/\/ale.al\/sq\/#organization\"},\"potentialAction\":[{\"@type\":\"SearchAction\",\"target\":{\"@type\":\"EntryPoint\",\"urlTemplate\":\"https:\/\/ale.al\/sq\/?s={search_term_string}\"},\"query-input\":{\"@type\":\"PropertyValueSpecification\",\"valueRequired\":true,\"valueName\":\"search_term_string\"}}],\"inLanguage\":\"sq\"},{\"@type\":\"Organization\",\"@id\":\"https:\/\/ale.al\/sq\/#organization\",\"name\":\"ALE Advisers Albania\",\"url\":\"https:\/\/ale.al\/sq\/\",\"logo\":{\"@type\":\"ImageObject\",\"inLanguage\":\"sq\",\"@id\":\"https:\/\/ale.al\/sq\/#\/schema\/logo\/image\/\",\"url\":\"https:\/\/ale.al\/wp-content\/uploads\/2021\/11\/favicon.png\",\"contentUrl\":\"https:\/\/ale.al\/wp-content\/uploads\/2021\/11\/favicon.png\",\"width\":2000,\"height\":2000,\"caption\":\"ALE Advisers Albania\"},\"image\":{\"@id\":\"https:\/\/ale.al\/sq\/#\/schema\/logo\/image\/\"},\"sameAs\":[\"https:\/\/www.facebook.com\/aleadvisers\/\",\"https:\/\/www.linkedin.com\/company\/ale-advisers\/\"]}]}<\/script>\n<!-- \/ Yoast SEO plugin. -->","yoast_head_json":{"title":"Business Services &#8211; ALE Advisers Albania","robots":{"index":"index","follow":"follow","max-snippet":"max-snippet:-1","max-image-preview":"max-image-preview:large","max-video-preview":"max-video-preview:-1"},"canonical":"https:\/\/ale.al\/sq\/business-services\/","og_locale":"sq_AL","og_type":"article","og_title":"Business Services &#8211; ALE Advisers Albania","og_description":"Business Services We provide a wide range of professional services covering audit and assurance, tax, legal, advisory services, property\/facilities management, sales and leasing properties, asset management etc. What business services do we offer? Accounting \u2022 International, financial and payroll accounting\u2022 Statutory accounts\u2022 Preparation of consolidated financial statements\u2022 Interim financial statements\u2022 Development, implementation &amp; interpretation of [&hellip;]","og_url":"https:\/\/ale.al\/sq\/business-services\/","og_site_name":"ALE Advisers Albania","article_publisher":"https:\/\/www.facebook.com\/aleadvisers\/","article_modified_time":"2021-11-21T17:56:27+00:00","og_image":[{"width":2000,"height":2000,"url":"https:\/\/ale.al\/wp-content\/uploads\/2021\/11\/favicon.png","type":"image\/png"}],"twitter_card":"summary_large_image","twitter_misc":{"Est. reading time":"2 minuta"},"schema":{"@context":"https:\/\/schema.org","@graph":[{"@type":["WebPage","AboutPage"],"@id":"https:\/\/ale.al\/business-services\/","url":"https:\/\/ale.al\/business-services\/","name":"Business Services &#8211; ALE Advisers Albania","isPartOf":{"@id":"https:\/\/ale.al\/sq\/#website"},"datePublished":"2021-11-15T13:58:34+00:00","dateModified":"2021-11-21T17:56:27+00:00","breadcrumb":{"@id":"https:\/\/ale.al\/business-services\/#breadcrumb"},"inLanguage":"sq","potentialAction":[{"@type":"ReadAction","target":["https:\/\/ale.al\/business-services\/"]}]},{"@type":"BreadcrumbList","@id":"https:\/\/ale.al\/business-services\/#breadcrumb","itemListElement":[{"@type":"ListItem","position":1,"name":"Home","item":"https:\/\/ale.al\/en\/"},{"@type":"ListItem","position":2,"name":"Business Services"}]},{"@type":"WebSite","@id":"https:\/\/ale.al\/sq\/#website","url":"https:\/\/ale.al\/sq\/","name":"ALE Advisers Albania","description":"Multi-disciplinary consultancy company","publisher":{"@id":"https:\/\/ale.al\/sq\/#organization"},"potentialAction":[{"@type":"SearchAction","target":{"@type":"EntryPoint","urlTemplate":"https:\/\/ale.al\/sq\/?s={search_term_string}"},"query-input":{"@type":"PropertyValueSpecification","valueRequired":true,"valueName":"search_term_string"}}],"inLanguage":"sq"},{"@type":"Organization","@id":"https:\/\/ale.al\/sq\/#organization","name":"ALE Advisers Albania","url":"https:\/\/ale.al\/sq\/","logo":{"@type":"ImageObject","inLanguage":"sq","@id":"https:\/\/ale.al\/sq\/#\/schema\/logo\/image\/","url":"https:\/\/ale.al\/wp-content\/uploads\/2021\/11\/favicon.png","contentUrl":"https:\/\/ale.al\/wp-content\/uploads\/2021\/11\/favicon.png","width":2000,"height":2000,"caption":"ALE Advisers Albania"},"image":{"@id":"https:\/\/ale.al\/sq\/#\/schema\/logo\/image\/"},"sameAs":["https:\/\/www.facebook.com\/aleadvisers\/","https:\/\/www.linkedin.com\/company\/ale-advisers\/"]}]}},"_links":{"self":[{"href":"https:\/\/ale.al\/sq\/wp-json\/wp\/v2\/pages\/18612","targetHints":{"allow":["GET"]}}],"collection":[{"href":"https:\/\/ale.al\/sq\/wp-json\/wp\/v2\/pages"}],"about":[{"href":"https:\/\/ale.al\/sq\/wp-json\/wp\/v2\/types\/page"}],"author":[{"embeddable":true,"href":"https:\/\/ale.al\/sq\/wp-json\/wp\/v2\/users\/1"}],"replies":[{"embeddable":true,"href":"https:\/\/ale.al\/sq\/wp-json\/wp\/v2\/comments?post=18612"}],"version-history":[{"count":0,"href":"https:\/\/ale.al\/sq\/wp-json\/wp\/v2\/pages\/18612\/revisions"}],"wp:attachment":[{"href":"https:\/\/ale.al\/sq\/wp-json\/wp\/v2\/media?parent=18612"}],"curies":[{"name":"wp","href":"https:\/\/api.w.org\/{rel}","templated":true}]}}