{"id":18573,"date":"2021-11-14T12:12:40","date_gmt":"2021-11-14T12:12:40","guid":{"rendered":"http:\/\/test.ale.al\/?page_id=18573"},"modified":"2023-04-19T10:08:11","modified_gmt":"2023-04-19T10:08:11","slug":"real-estate","status":"publish","type":"page","link":"https:\/\/ale.al\/sq\/real-estate\/","title":{"rendered":"Real Estate"},"content":{"rendered":"<div data-elementor-type=\"wp-page\" data-elementor-id=\"18573\" class=\"elementor elementor-18573\">\n\t\t\t\t\t\t<section class=\"elementor-section elementor-top-section elementor-element elementor-element-547a7fc elementor-section-full_width elementor-section-stretched elementor-section-height-min-height elementor-section-height-default elementor-section-items-middle\" data-id=\"547a7fc\" data-element_type=\"section\" data-settings=\"{&quot;stretch_section&quot;:&quot;section-stretched&quot;}\">\n\t\t\t\t\t\t\t<div class=\"elementor-background-overlay\"><\/div>\n\t\t\t\t\t\t\t<div class=\"elementor-container elementor-column-gap-default\">\n\t\t\t\t\t<div class=\"elementor-column elementor-col-33 elementor-top-column elementor-element elementor-element-d7ef7ea\" data-id=\"d7ef7ea\" data-element_type=\"column\">\n\t\t\t<div class=\"elementor-widget-wrap\">\n\t\t\t\t\t\t\t<\/div>\n\t\t<\/div>\n\t\t\t\t<div class=\"elementor-column elementor-col-33 elementor-top-column elementor-element elementor-element-6650de7\" data-id=\"6650de7\" data-element_type=\"column\">\n\t\t\t<div class=\"elementor-widget-wrap elementor-element-populated\">\n\t\t\t\t\t\t<div class=\"elementor-element elementor-element-a012b1e elementor-widget elementor-widget-heading\" data-id=\"a012b1e\" data-element_type=\"widget\" data-widget_type=\"heading.default\">\n\t\t\t\t<div class=\"elementor-widget-container\">\n\t\t\t\t\t<h2 class=\"elementor-heading-title elementor-size-default\">Ale Investa- Partneri jon\u00eb p\u00ebr sh\u00ebrbime Real Estate<\/h2>\t\t\t\t<\/div>\n\t\t\t\t<\/div>\n\t\t\t\t\t<\/div>\n\t\t<\/div>\n\t\t\t\t<div class=\"elementor-column elementor-col-33 elementor-top-column elementor-element elementor-element-eefeeca\" data-id=\"eefeeca\" data-element_type=\"column\">\n\t\t\t<div class=\"elementor-widget-wrap\">\n\t\t\t\t\t\t\t<\/div>\n\t\t<\/div>\n\t\t\t\t\t<\/div>\n\t\t<\/section>\n\t\t\t\t<\/div>","protected":false},"excerpt":{"rendered":"<p>Ale Investa &#8211; Our partner for Real Estate services<\/p>","protected":false},"author":1,"featured_media":0,"parent":0,"menu_order":0,"comment_status":"closed","ping_status":"closed","template":"template\/template-listing-grid-v6-fullwidth-3cols.php","meta":{"footnotes":""},"class_list":["post-18573","page","type-page","status-publish","hentry"],"yoast_head":"<!-- This site is optimized with the Yoast SEO plugin v26.9 - https:\/\/yoast.com\/product\/yoast-seo-wordpress\/ -->\n<title>Real Estate &#8211; ALE Advisers Albania<\/title>\n<meta name=\"description\" content=\"We are a Real Estate Agency based in Albania. If you are looking to buy a property or rent a property, ALE is the right choice for you.\" \/>\n<meta name=\"robots\" content=\"index, follow, max-snippet:-1, max-image-preview:large, max-video-preview:-1\" \/>\n<link rel=\"canonical\" href=\"https:\/\/ale.al\/sq\/real-estate\/\" \/>\n<meta property=\"og:locale\" content=\"sq_AL\" \/>\n<meta property=\"og:type\" content=\"article\" \/>\n<meta property=\"og:title\" content=\"Real Estate &#8211; ALE Advisers Albania\" \/>\n<meta property=\"og:description\" content=\"We are a Real Estate Agency based in Albania. If you are looking to buy a property or rent a property, ALE is the right choice for you.\" \/>\n<meta property=\"og:url\" content=\"https:\/\/ale.al\/sq\/real-estate\/\" \/>\n<meta property=\"og:site_name\" content=\"ALE Advisers Albania\" \/>\n<meta property=\"article:publisher\" content=\"https:\/\/www.facebook.com\/aleadvisers\/\" \/>\n<meta property=\"article:modified_time\" content=\"2023-04-19T10:08:11+00:00\" \/>\n<meta property=\"og:image\" content=\"https:\/\/ale.al\/wp-content\/uploads\/2021\/11\/favicon.png\" \/>\n\t<meta property=\"og:image:width\" content=\"2000\" \/>\n\t<meta property=\"og:image:height\" content=\"2000\" \/>\n\t<meta property=\"og:image:type\" content=\"image\/png\" \/>\n<meta name=\"twitter:card\" content=\"summary_large_image\" \/>\n<meta name=\"twitter:label1\" content=\"Est. reading time\" \/>\n\t<meta name=\"twitter:data1\" content=\"1 minut\u00eb\" \/>\n<script type=\"application\/ld+json\" class=\"yoast-schema-graph\">{\"@context\":\"https:\/\/schema.org\",\"@graph\":[{\"@type\":[\"WebPage\",\"RealEstateListing\"],\"@id\":\"https:\/\/ale.al\/real-estate\/\",\"url\":\"https:\/\/ale.al\/real-estate\/\",\"name\":\"Real Estate &#8211; ALE Advisers Albania\",\"isPartOf\":{\"@id\":\"https:\/\/ale.al\/sq\/#website\"},\"datePublished\":\"2021-11-14T12:12:40+00:00\",\"dateModified\":\"2023-04-19T10:08:11+00:00\",\"description\":\"We are a Real Estate Agency based in Albania. If you are looking to buy a property or rent a property, ALE is the right choice for you.\",\"breadcrumb\":{\"@id\":\"https:\/\/ale.al\/real-estate\/#breadcrumb\"},\"inLanguage\":\"sq\",\"potentialAction\":[{\"@type\":\"ReadAction\",\"target\":[\"https:\/\/ale.al\/real-estate\/\"]}]},{\"@type\":\"BreadcrumbList\",\"@id\":\"https:\/\/ale.al\/real-estate\/#breadcrumb\",\"itemListElement\":[{\"@type\":\"ListItem\",\"position\":1,\"name\":\"Home\",\"item\":\"https:\/\/ale.al\/en\/\"},{\"@type\":\"ListItem\",\"position\":2,\"name\":\"Real Estate\"}]},{\"@type\":\"WebSite\",\"@id\":\"https:\/\/ale.al\/sq\/#website\",\"url\":\"https:\/\/ale.al\/sq\/\",\"name\":\"ALE Advisers Albania\",\"description\":\"Multi-disciplinary consultancy company\",\"publisher\":{\"@id\":\"https:\/\/ale.al\/sq\/#organization\"},\"potentialAction\":[{\"@type\":\"SearchAction\",\"target\":{\"@type\":\"EntryPoint\",\"urlTemplate\":\"https:\/\/ale.al\/sq\/?s={search_term_string}\"},\"query-input\":{\"@type\":\"PropertyValueSpecification\",\"valueRequired\":true,\"valueName\":\"search_term_string\"}}],\"inLanguage\":\"sq\"},{\"@type\":\"Organization\",\"@id\":\"https:\/\/ale.al\/sq\/#organization\",\"name\":\"ALE Advisers Albania\",\"url\":\"https:\/\/ale.al\/sq\/\",\"logo\":{\"@type\":\"ImageObject\",\"inLanguage\":\"sq\",\"@id\":\"https:\/\/ale.al\/sq\/#\/schema\/logo\/image\/\",\"url\":\"https:\/\/ale.al\/wp-content\/uploads\/2021\/11\/favicon.png\",\"contentUrl\":\"https:\/\/ale.al\/wp-content\/uploads\/2021\/11\/favicon.png\",\"width\":2000,\"height\":2000,\"caption\":\"ALE Advisers Albania\"},\"image\":{\"@id\":\"https:\/\/ale.al\/sq\/#\/schema\/logo\/image\/\"},\"sameAs\":[\"https:\/\/www.facebook.com\/aleadvisers\/\",\"https:\/\/www.linkedin.com\/company\/ale-advisers\/\"]}]}<\/script>\n<!-- \/ Yoast SEO plugin. -->","yoast_head_json":{"title":"Real Estate &#8211; ALE Advisers Albania","description":"We are a Real Estate Agency based in Albania. If you are looking to buy a property or rent a property, ALE is the right choice for you.","robots":{"index":"index","follow":"follow","max-snippet":"max-snippet:-1","max-image-preview":"max-image-preview:large","max-video-preview":"max-video-preview:-1"},"canonical":"https:\/\/ale.al\/sq\/real-estate\/","og_locale":"sq_AL","og_type":"article","og_title":"Real Estate &#8211; ALE Advisers Albania","og_description":"We are a Real Estate Agency based in Albania. If you are looking to buy a property or rent a property, ALE is the right choice for you.","og_url":"https:\/\/ale.al\/sq\/real-estate\/","og_site_name":"ALE Advisers Albania","article_publisher":"https:\/\/www.facebook.com\/aleadvisers\/","article_modified_time":"2023-04-19T10:08:11+00:00","og_image":[{"width":2000,"height":2000,"url":"https:\/\/ale.al\/wp-content\/uploads\/2021\/11\/favicon.png","type":"image\/png"}],"twitter_card":"summary_large_image","twitter_misc":{"Est. reading time":"1 minut\u00eb"},"schema":{"@context":"https:\/\/schema.org","@graph":[{"@type":["WebPage","RealEstateListing"],"@id":"https:\/\/ale.al\/real-estate\/","url":"https:\/\/ale.al\/real-estate\/","name":"Real Estate &#8211; ALE Advisers Albania","isPartOf":{"@id":"https:\/\/ale.al\/sq\/#website"},"datePublished":"2021-11-14T12:12:40+00:00","dateModified":"2023-04-19T10:08:11+00:00","description":"We are a Real Estate Agency based in Albania. If you are looking to buy a property or rent a property, ALE is the right choice for you.","breadcrumb":{"@id":"https:\/\/ale.al\/real-estate\/#breadcrumb"},"inLanguage":"sq","potentialAction":[{"@type":"ReadAction","target":["https:\/\/ale.al\/real-estate\/"]}]},{"@type":"BreadcrumbList","@id":"https:\/\/ale.al\/real-estate\/#breadcrumb","itemListElement":[{"@type":"ListItem","position":1,"name":"Home","item":"https:\/\/ale.al\/en\/"},{"@type":"ListItem","position":2,"name":"Real Estate"}]},{"@type":"WebSite","@id":"https:\/\/ale.al\/sq\/#website","url":"https:\/\/ale.al\/sq\/","name":"ALE Advisers Albania","description":"Multi-disciplinary consultancy company","publisher":{"@id":"https:\/\/ale.al\/sq\/#organization"},"potentialAction":[{"@type":"SearchAction","target":{"@type":"EntryPoint","urlTemplate":"https:\/\/ale.al\/sq\/?s={search_term_string}"},"query-input":{"@type":"PropertyValueSpecification","valueRequired":true,"valueName":"search_term_string"}}],"inLanguage":"sq"},{"@type":"Organization","@id":"https:\/\/ale.al\/sq\/#organization","name":"ALE Advisers Albania","url":"https:\/\/ale.al\/sq\/","logo":{"@type":"ImageObject","inLanguage":"sq","@id":"https:\/\/ale.al\/sq\/#\/schema\/logo\/image\/","url":"https:\/\/ale.al\/wp-content\/uploads\/2021\/11\/favicon.png","contentUrl":"https:\/\/ale.al\/wp-content\/uploads\/2021\/11\/favicon.png","width":2000,"height":2000,"caption":"ALE Advisers Albania"},"image":{"@id":"https:\/\/ale.al\/sq\/#\/schema\/logo\/image\/"},"sameAs":["https:\/\/www.facebook.com\/aleadvisers\/","https:\/\/www.linkedin.com\/company\/ale-advisers\/"]}]}},"_links":{"self":[{"href":"https:\/\/ale.al\/sq\/wp-json\/wp\/v2\/pages\/18573","targetHints":{"allow":["GET"]}}],"collection":[{"href":"https:\/\/ale.al\/sq\/wp-json\/wp\/v2\/pages"}],"about":[{"href":"https:\/\/ale.al\/sq\/wp-json\/wp\/v2\/types\/page"}],"author":[{"embeddable":true,"href":"https:\/\/ale.al\/sq\/wp-json\/wp\/v2\/users\/1"}],"replies":[{"embeddable":true,"href":"https:\/\/ale.al\/sq\/wp-json\/wp\/v2\/comments?post=18573"}],"version-history":[{"count":17,"href":"https:\/\/ale.al\/sq\/wp-json\/wp\/v2\/pages\/18573\/revisions"}],"predecessor-version":[{"id":19203,"href":"https:\/\/ale.al\/sq\/wp-json\/wp\/v2\/pages\/18573\/revisions\/19203"}],"wp:attachment":[{"href":"https:\/\/ale.al\/sq\/wp-json\/wp\/v2\/media?parent=18573"}],"curies":[{"name":"wp","href":"https:\/\/api.w.org\/{rel}","templated":true}]}}